{"id":7,"date":"2018-11-01T16:50:57","date_gmt":"2018-11-01T15:50:57","guid":{"rendered":"https:\/\/lepreenbulle.wordpress.com\/?page_id=3"},"modified":"2023-10-28T12:37:18","modified_gmt":"2023-10-28T10:37:18","slug":"contact","status":"publish","type":"page","link":"https:\/\/lepreenbulle.fr\/?page_id=7","title":{"rendered":"Contact"},"content":{"rendered":"<p>Situ\u00e9 en centre ville de l&#8217;Herbergement, \u00e0 proximit\u00e9 des restaurants et commerces. A 20min de La Roche\/Yon et 10min de Montaigu gr\u00e2ce aux acc\u00e8s rapides de la 2&#215;2 voies.<\/p>\n<p><img loading=\"lazy\" decoding=\"async\" class=\"alignnone  wp-image-79\" src=\"http:\/\/lepreenbulle.fr\/wp-content\/uploads\/2019\/09\/location_bureau_vendee_google2.png\" alt=\"location_bureau_vendee_google2\" width=\"774\" height=\"437\" srcset=\"https:\/\/lepreenbulle.fr\/wp-content\/uploads\/2019\/09\/location_bureau_vendee_google2.png 1240w, https:\/\/lepreenbulle.fr\/wp-content\/uploads\/2019\/09\/location_bureau_vendee_google2-300x169.png 300w, https:\/\/lepreenbulle.fr\/wp-content\/uploads\/2019\/09\/location_bureau_vendee_google2-768x434.png 768w, https:\/\/lepreenbulle.fr\/wp-content\/uploads\/2019\/09\/location_bureau_vendee_google2-1024x578.png 1024w\" sizes=\"auto, (max-width: 774px) 100vw, 774px\" \/><br \/>HORAIRES<\/p>\n<p>Du lundi au vendredi de 8h00 \u00e0 19h00.<br \/>\u200b<br \/>ADRESSE<\/p>\n<p>2 Rue du Pr\u00e9 Clos<br \/>85260 L&#8217;Herbergement<\/p>\n\n\n<div class=\"wp-block-contact-form-7-contact-form-selector\">\n<div class=\"wpcf7 no-js\" id=\"wpcf7-f966-o1\" lang=\"fr-FR\" dir=\"ltr\" data-wpcf7-id=\"966\">\n<div class=\"screen-reader-response\"><p role=\"status\" aria-live=\"polite\" aria-atomic=\"true\"><\/p> <ul><\/ul><\/div>\n<form action=\"\/index.php?rest_route=%2Fwp%2Fv2%2Fpages%2F7#wpcf7-f966-o1\" method=\"post\" class=\"wpcf7-form init\" aria-label=\"Formulaire de contact\" novalidate=\"novalidate\" data-status=\"init\">\n<fieldset class=\"hidden-fields-container\"><input type=\"hidden\" name=\"_wpcf7\" value=\"966\" \/><input type=\"hidden\" name=\"_wpcf7_version\" value=\"6.1.5\" \/><input type=\"hidden\" name=\"_wpcf7_locale\" value=\"fr_FR\" \/><input type=\"hidden\" name=\"_wpcf7_unit_tag\" value=\"wpcf7-f966-o1\" \/><input type=\"hidden\" name=\"_wpcf7_container_post\" value=\"0\" \/><input type=\"hidden\" name=\"_wpcf7_posted_data_hash\" value=\"\" \/><input type=\"hidden\" name=\"_wpcf7_recaptcha_response\" value=\"\" \/>\n<\/fieldset>\n<p><label> Votre nom<br \/>\n<span class=\"wpcf7-form-control-wrap\" data-name=\"your-name\"><input size=\"40\" maxlength=\"400\" class=\"wpcf7-form-control wpcf7-text wpcf7-validates-as-required\" aria-required=\"true\" aria-invalid=\"false\" value=\"\" type=\"text\" name=\"your-name\" \/><\/span> <\/label>\n<\/p>\n<p><label> Votre e-mail<br \/>\n<span class=\"wpcf7-form-control-wrap\" data-name=\"your-email\"><input size=\"40\" maxlength=\"400\" class=\"wpcf7-form-control wpcf7-email wpcf7-validates-as-required wpcf7-text wpcf7-validates-as-email\" aria-required=\"true\" aria-invalid=\"false\" value=\"\" type=\"email\" name=\"your-email\" \/><\/span> <\/label>\n<\/p>\n<p><label> Votre t\u00e9l\u00e9phone<br \/>\n<span class=\"wpcf7-form-control-wrap\" data-name=\"Telephone\"><input size=\"40\" maxlength=\"400\" class=\"wpcf7-form-control wpcf7-tel wpcf7-validates-as-required wpcf7-text wpcf7-validates-as-tel\" aria-required=\"true\" aria-invalid=\"false\" value=\"\" type=\"tel\" name=\"Telephone\" \/><\/span><\/label>\n<\/p>\n<p><label> Objet<br \/>\n<span class=\"wpcf7-form-control-wrap\" data-name=\"your-subject\"><input size=\"40\" maxlength=\"400\" class=\"wpcf7-form-control wpcf7-text wpcf7-validates-as-required\" aria-required=\"true\" aria-invalid=\"false\" value=\"\" type=\"text\" name=\"your-subject\" \/><\/span> <\/label>\n<\/p>\n<p><label> Votre message (obligatoire)<br \/>\n<span class=\"wpcf7-form-control-wrap\" data-name=\"votre-message\"><textarea cols=\"40\" rows=\"10\" maxlength=\"2000\" class=\"wpcf7-form-control wpcf7-textarea wpcf7-validates-as-required\" aria-required=\"true\" aria-invalid=\"false\" name=\"votre-message\"><\/textarea><\/span> <\/label>\n<\/p>\n<p><label> Si vous \u00eates humain r\u00e9pondez \u00e0 cette question :<br \/>\n<span class=\"wpcf7-form-control-wrap\" data-name=\"Calcul\"><label><span class=\"wpcf7-quiz-label\">3 x 4 = ?<\/span> <input size=\"40\" class=\"wpcf7-form-control wpcf7-quiz\" autocomplete=\"off\" aria-required=\"true\" aria-invalid=\"false\" type=\"text\" name=\"Calcul\" \/><\/label><input type=\"hidden\" name=\"_wpcf7_quiz_answer_Calcul\" value=\"7f80b66b909ef23959614f6d331572ae\" \/><\/span><\/label>\n<\/p>\n<p><input class=\"wpcf7-form-control wpcf7-submit has-spinner\" type=\"submit\" value=\"Envoyer\" \/>\n<\/p><div class=\"wpcf7-response-output\" aria-hidden=\"true\"><\/div>\n<\/form>\n<\/div>\n<\/div>\n","protected":false},"excerpt":{"rendered":"<p>Situ\u00e9 en centre ville de l&#8217;Herbergement, \u00e0 proximit\u00e9 des restaurants et commerces. A 20min de La Roche\/Yon et 10min de Montaigu gr\u00e2ce aux acc\u00e8s rapides de la 2&#215;2 voies. HORAIRES Du lundi au vendredi de 8h00 \u00e0 19h00.\u200bADRESSE 2 Rue du Pr\u00e9 Clos85260 L&#8217;Herbergement<\/p>\n","protected":false},"author":1,"featured_media":49,"parent":0,"menu_order":2,"comment_status":"closed","ping_status":"closed","template":"","meta":{"footnotes":""},"tags":[],"class_list":["post-7","page","type-page","status-publish","has-post-thumbnail","hentry","without-featured-image"],"jetpack_sharing_enabled":false,"_links":{"self":[{"href":"https:\/\/lepreenbulle.fr\/index.php?rest_route=\/wp\/v2\/pages\/7","targetHints":{"allow":["GET"]}}],"collection":[{"href":"https:\/\/lepreenbulle.fr\/index.php?rest_route=\/wp\/v2\/pages"}],"about":[{"href":"https:\/\/lepreenbulle.fr\/index.php?rest_route=\/wp\/v2\/types\/page"}],"author":[{"embeddable":true,"href":"https:\/\/lepreenbulle.fr\/index.php?rest_route=\/wp\/v2\/users\/1"}],"replies":[{"embeddable":true,"href":"https:\/\/lepreenbulle.fr\/index.php?rest_route=%2Fwp%2Fv2%2Fcomments&post=7"}],"version-history":[{"count":3,"href":"https:\/\/lepreenbulle.fr\/index.php?rest_route=\/wp\/v2\/pages\/7\/revisions"}],"predecessor-version":[{"id":3821,"href":"https:\/\/lepreenbulle.fr\/index.php?rest_route=\/wp\/v2\/pages\/7\/revisions\/3821"}],"wp:featuredmedia":[{"embeddable":true,"href":"https:\/\/lepreenbulle.fr\/index.php?rest_route=\/wp\/v2\/media\/49"}],"wp:attachment":[{"href":"https:\/\/lepreenbulle.fr\/index.php?rest_route=%2Fwp%2Fv2%2Fmedia&parent=7"}],"wp:term":[{"taxonomy":"post_tag","embeddable":true,"href":"https:\/\/lepreenbulle.fr\/index.php?rest_route=%2Fwp%2Fv2%2Ftags&post=7"}],"curies":[{"name":"wp","href":"https:\/\/api.w.org\/{rel}","templated":true}]}}