{"id":29,"date":"2018-11-01T17:29:23","date_gmt":"2018-11-01T16:29:23","guid":{"rendered":"https:\/\/lepreenbulle.wordpress.com\/?page_id=29"},"modified":"2020-08-23T12:34:31","modified_gmt":"2020-08-23T10:34:31","slug":"accompagnement","status":"publish","type":"page","link":"https:\/\/lepreenbulle.fr\/?page_id=29","title":{"rendered":"Accompagnement"},"content":{"rendered":"<p><span style=\"color: #33cccc;\"><em><strong>Le Pr\u00e9 En Bulle <\/strong><\/em><\/span>propose aux entreprises un accompagnement de type coaching &#8211; formation pour aider les entrepreneur(e)s \u00e0 vivre pleinement de leur activit\u00e9, les dirigeant(e)s \u00e0 d\u00e9velopper leur chiffres d&#8217;affaire.<\/p>\n<p>Ainsi Le Pr\u00e9 En Bulle compte 1 coach professionnel certifi\u00e9 en efficacit\u00e9 professionnelle et d\u00e9veloppement commercial :<\/p>\n<ul>\n<li>SLG CCF, St\u00e9phanie Le Gousse, <a href=\"https:\/\/slgccf.fr\">Lien vers le site SLG Coaching Conseil Formation<\/a><\/li>\n<\/ul>\n<p>Qui vous aidera \u00e0 lever les blocages qui vous emp\u00eachent d&#8217;atteindre l&#8217;excellence !<img loading=\"lazy\" decoding=\"async\" class=\"  wp-image-143 aligncenter\" src=\"http:\/\/lepreenbulle.fr\/wp-content\/uploads\/2019\/09\/location_bureau_vendee23.jpg\" alt=\"location_bureau_vendee23\" width=\"305\" height=\"587\" srcset=\"https:\/\/lepreenbulle.fr\/wp-content\/uploads\/2019\/09\/location_bureau_vendee23.jpg 832w, https:\/\/lepreenbulle.fr\/wp-content\/uploads\/2019\/09\/location_bureau_vendee23-156x300.jpg 156w, https:\/\/lepreenbulle.fr\/wp-content\/uploads\/2019\/09\/location_bureau_vendee23-768x1477.jpg 768w, https:\/\/lepreenbulle.fr\/wp-content\/uploads\/2019\/09\/location_bureau_vendee23-532x1024.jpg 532w\" sizes=\"auto, (max-width: 305px) 100vw, 305px\" \/><\/p>\n","protected":false},"excerpt":{"rendered":"<p>Le Pr\u00e9 En Bulle propose aux entreprises un accompagnement de type coaching &#8211; formation pour aider les entrepreneur(e)s \u00e0 vivre pleinement de leur activit\u00e9, les dirigeant(e)s \u00e0 d\u00e9velopper leur chiffres d&#8217;affaire. Ainsi Le Pr\u00e9 En Bulle compte 1 coach professionnel certifi\u00e9 en efficacit\u00e9 professionnelle et d\u00e9veloppement commercial : SLG CCF, St\u00e9phanie Le Gousse, Lien vers&hellip; <a href=\"https:\/\/lepreenbulle.fr\/?page_id=29\" class=\"more-link\">Lire la suite <span class=\"screen-reader-text\">Accompagnement<\/span><\/a><\/p>\n","protected":false},"author":1,"featured_media":145,"parent":0,"menu_order":0,"comment_status":"closed","ping_status":"closed","template":"","meta":{"footnotes":""},"tags":[],"class_list":["post-29","page","type-page","status-publish","has-post-thumbnail","hentry","without-featured-image"],"jetpack_sharing_enabled":true,"_links":{"self":[{"href":"https:\/\/lepreenbulle.fr\/index.php?rest_route=\/wp\/v2\/pages\/29","targetHints":{"allow":["GET"]}}],"collection":[{"href":"https:\/\/lepreenbulle.fr\/index.php?rest_route=\/wp\/v2\/pages"}],"about":[{"href":"https:\/\/lepreenbulle.fr\/index.php?rest_route=\/wp\/v2\/types\/page"}],"author":[{"embeddable":true,"href":"https:\/\/lepreenbulle.fr\/index.php?rest_route=\/wp\/v2\/users\/1"}],"replies":[{"embeddable":true,"href":"https:\/\/lepreenbulle.fr\/index.php?rest_route=%2Fwp%2Fv2%2Fcomments&post=29"}],"version-history":[{"count":1,"href":"https:\/\/lepreenbulle.fr\/index.php?rest_route=\/wp\/v2\/pages\/29\/revisions"}],"predecessor-version":[{"id":591,"href":"https:\/\/lepreenbulle.fr\/index.php?rest_route=\/wp\/v2\/pages\/29\/revisions\/591"}],"wp:featuredmedia":[{"embeddable":true,"href":"https:\/\/lepreenbulle.fr\/index.php?rest_route=\/wp\/v2\/media\/145"}],"wp:attachment":[{"href":"https:\/\/lepreenbulle.fr\/index.php?rest_route=%2Fwp%2Fv2%2Fmedia&parent=29"}],"wp:term":[{"taxonomy":"post_tag","embeddable":true,"href":"https:\/\/lepreenbulle.fr\/index.php?rest_route=%2Fwp%2Fv2%2Ftags&post=29"}],"curies":[{"name":"wp","href":"https:\/\/api.w.org\/{rel}","templated":true}]}}