{"id":137,"date":"2019-09-03T15:15:23","date_gmt":"2019-09-03T14:15:23","guid":{"rendered":"https:\/\/lepreenbulle.wordpress.com\/?page_id=137"},"modified":"2020-02-24T19:42:34","modified_gmt":"2020-02-24T18:42:34","slug":"les-nezbulleuses","status":"publish","type":"page","link":"https:\/\/lepreenbulle.fr\/?page_id=137","title":{"rendered":"Les Nez&#8217;Bulleuses"},"content":{"rendered":"<p>Les sanitaires sont accessibles aux personnes \u00e0 mobilit\u00e9 r\u00e9duite (PMR).<\/p>\n\n\n<figure class=\"wp-block-image size-large\"><img loading=\"lazy\" decoding=\"async\" width=\"473\" height=\"1024\" src=\"http:\/\/lepreenbulle.fr\/wp-content\/uploads\/2020\/02\/WC2-1-473x1024.png\" alt=\"\" class=\"wp-image-411\" srcset=\"https:\/\/lepreenbulle.fr\/wp-content\/uploads\/2020\/02\/WC2-1-473x1024.png 473w, https:\/\/lepreenbulle.fr\/wp-content\/uploads\/2020\/02\/WC2-1-139x300.png 139w, https:\/\/lepreenbulle.fr\/wp-content\/uploads\/2020\/02\/WC2-1-768x1663.png 768w, https:\/\/lepreenbulle.fr\/wp-content\/uploads\/2020\/02\/WC2-1-709x1536.png 709w, https:\/\/lepreenbulle.fr\/wp-content\/uploads\/2020\/02\/WC2-1-946x2048.png 946w\" sizes=\"auto, (max-width: 473px) 100vw, 473px\" \/><figcaption>Non, non ! &#8230; ce n&#8217;est pas une bo\u00eete de nuit !<\/figcaption><\/figure>\n\n\n\n<figure class=\"wp-block-image size-large\"><img loading=\"lazy\" decoding=\"async\" width=\"1024\" height=\"551\" src=\"http:\/\/lepreenbulle.fr\/wp-content\/uploads\/2020\/02\/WC1-1024x551.png\" alt=\"\" class=\"wp-image-409\" srcset=\"https:\/\/lepreenbulle.fr\/wp-content\/uploads\/2020\/02\/WC1-1024x551.png 1024w, https:\/\/lepreenbulle.fr\/wp-content\/uploads\/2020\/02\/WC1-300x161.png 300w, https:\/\/lepreenbulle.fr\/wp-content\/uploads\/2020\/02\/WC1-768x413.png 768w, https:\/\/lepreenbulle.fr\/wp-content\/uploads\/2020\/02\/WC1-1536x826.png 1536w, https:\/\/lepreenbulle.fr\/wp-content\/uploads\/2020\/02\/WC1-2048x1102.png 2048w\" sizes=\"auto, (max-width: 1024px) 100vw, 1024px\" \/><\/figure>\n","protected":false},"excerpt":{"rendered":"<p>Les sanitaires sont accessibles aux personnes \u00e0 mobilit\u00e9 r\u00e9duite (PMR).<\/p>\n","protected":false},"author":1,"featured_media":122,"parent":28,"menu_order":0,"comment_status":"closed","ping_status":"closed","template":"","meta":{"footnotes":""},"tags":[],"class_list":["post-137","page","type-page","status-publish","has-post-thumbnail","hentry","without-featured-image"],"jetpack_sharing_enabled":true,"_links":{"self":[{"href":"https:\/\/lepreenbulle.fr\/index.php?rest_route=\/wp\/v2\/pages\/137","targetHints":{"allow":["GET"]}}],"collection":[{"href":"https:\/\/lepreenbulle.fr\/index.php?rest_route=\/wp\/v2\/pages"}],"about":[{"href":"https:\/\/lepreenbulle.fr\/index.php?rest_route=\/wp\/v2\/types\/page"}],"author":[{"embeddable":true,"href":"https:\/\/lepreenbulle.fr\/index.php?rest_route=\/wp\/v2\/users\/1"}],"replies":[{"embeddable":true,"href":"https:\/\/lepreenbulle.fr\/index.php?rest_route=%2Fwp%2Fv2%2Fcomments&post=137"}],"version-history":[{"count":3,"href":"https:\/\/lepreenbulle.fr\/index.php?rest_route=\/wp\/v2\/pages\/137\/revisions"}],"predecessor-version":[{"id":414,"href":"https:\/\/lepreenbulle.fr\/index.php?rest_route=\/wp\/v2\/pages\/137\/revisions\/414"}],"up":[{"embeddable":true,"href":"https:\/\/lepreenbulle.fr\/index.php?rest_route=\/wp\/v2\/pages\/28"}],"wp:featuredmedia":[{"embeddable":true,"href":"https:\/\/lepreenbulle.fr\/index.php?rest_route=\/wp\/v2\/media\/122"}],"wp:attachment":[{"href":"https:\/\/lepreenbulle.fr\/index.php?rest_route=%2Fwp%2Fv2%2Fmedia&parent=137"}],"wp:term":[{"taxonomy":"post_tag","embeddable":true,"href":"https:\/\/lepreenbulle.fr\/index.php?rest_route=%2Fwp%2Fv2%2Ftags&post=137"}],"curies":[{"name":"wp","href":"https:\/\/api.w.org\/{rel}","templated":true}]}}